{"id":353,"date":"2024-06-19T17:17:18","date_gmt":"2024-06-19T17:17:18","guid":{"rendered":"https:\/\/geodefensa.ec\/index.php\/sobre-nosotros\/"},"modified":"2024-08-01T17:03:29","modified_gmt":"2024-08-01T17:03:29","slug":"sobre-nosotros","status":"publish","type":"page","link":"https:\/\/geodefensa.ec\/index.php\/sobre-nosotros\/","title":{"rendered":"Sobre nosotros"},"content":{"rendered":"\t\t<div data-elementor-type=\"wp-page\" data-elementor-id=\"353\" class=\"elementor elementor-353\" data-elementor-post-type=\"page\">\n\t\t\t\t<div class=\"elementor-element elementor-element-58a249fa e-con-full e-flex e-con e-parent\" data-id=\"58a249fa\" data-element_type=\"container\" data-settings=\"{&quot;background_background&quot;:&quot;classic&quot;}\">\n\t\t\t\t<div class=\"elementor-element elementor-element-473b2382 elementor-widget elementor-widget-heading\" data-id=\"473b2382\" data-element_type=\"widget\" data-widget_type=\"heading.default\">\n\t\t\t\t<div class=\"elementor-widget-container\">\n\t\t\t\t\t<h1 class=\"elementor-heading-title elementor-size-default\">Prevenci\u00f3n<\/h1>\t\t\t\t<\/div>\n\t\t\t\t<\/div>\n\t\t\t\t<div class=\"elementor-element elementor-element-47462727 elementor-widget elementor-widget-text-editor\" data-id=\"47462727\" data-element_type=\"widget\" data-widget_type=\"text-editor.default\">\n\t\t\t\t<div class=\"elementor-widget-container\">\n\t\t\t\t\t\t\t\t\t<h4><span class=\"OYPEnA text-decoration-none text-strikethrough-none\">Nuestra prioridad es garantizar un servicio preventivo para posibles situaciones de peligro y una respuesta r\u00e1pida ante cualquier situaci\u00f3n emergente<\/span><\/h4>\t\t\t\t\t\t\t\t<\/div>\n\t\t\t\t<\/div>\n\t\t\t\t<\/div>\n\t\t<div class=\"elementor-element elementor-element-2eb2ebdc e-con-full e-flex e-con e-parent\" data-id=\"2eb2ebdc\" data-element_type=\"container\" data-settings=\"{&quot;background_background&quot;:&quot;classic&quot;}\">\n\t\t<div class=\"elementor-element elementor-element-2c7aa7b4 e-con-full e-flex e-con e-child\" data-id=\"2c7aa7b4\" data-element_type=\"container\" data-settings=\"{&quot;background_background&quot;:&quot;classic&quot;}\">\n\t\t\t\t<\/div>\n\t\t<div class=\"elementor-element elementor-element-6a2dce8 e-con-full e-flex e-con e-child\" data-id=\"6a2dce8\" data-element_type=\"container\">\n\t\t\t\t<div class=\"elementor-element elementor-element-411ff1c8 elementor-widget elementor-widget-heading\" data-id=\"411ff1c8\" data-element_type=\"widget\" data-widget_type=\"heading.default\">\n\t\t\t\t<div class=\"elementor-widget-container\">\n\t\t\t\t\t<h2 class=\"elementor-heading-title elementor-size-default\">Equipamiento<\/h2>\t\t\t\t<\/div>\n\t\t\t\t<\/div>\n\t\t\t\t<div class=\"elementor-element elementor-element-784ca21c elementor-widget elementor-widget-text-editor\" data-id=\"784ca21c\" data-element_type=\"widget\" data-widget_type=\"text-editor.default\">\n\t\t\t\t<div class=\"elementor-widget-container\">\n\t\t\t\t\t\t\t\t\t<p><span class=\"OYPEnA text-decoration-none text-strikethrough-none\">Contamos con equipamiento de alta calidad para brindar a nuestros puestos de servicio una mayor protecci\u00f3n y prevenci\u00f3n de situaciones de emergencia .<\/span><\/p><p><span class=\"OYPEnA text-decoration-none text-strikethrough-none\">Adecuamos cada puesto de servicio a sus necesidades especificas para garantizar la mayor seguridad.<\/span><\/p>\t\t\t\t\t\t\t\t<\/div>\n\t\t\t\t<\/div>\n\t\t\t\t<\/div>\n\t\t\t\t<\/div>\n\t\t<div class=\"elementor-element elementor-element-254276db e-con-full e-flex e-con e-parent\" data-id=\"254276db\" data-element_type=\"container\">\n\t\t<div class=\"elementor-element elementor-element-1b511012 e-con-full e-flex e-con e-child\" data-id=\"1b511012\" data-element_type=\"container\">\n\t\t\t\t<div class=\"elementor-element elementor-element-ade5409 elementor-widget elementor-widget-heading\" data-id=\"ade5409\" data-element_type=\"widget\" data-widget_type=\"heading.default\">\n\t\t\t\t<div class=\"elementor-widget-container\">\n\t\t\t\t\t<h2 class=\"elementor-heading-title elementor-size-default\">Confianza<\/h2>\t\t\t\t<\/div>\n\t\t\t\t<\/div>\n\t\t\t\t<div class=\"elementor-element elementor-element-2b9cbbef elementor-widget elementor-widget-text-editor\" data-id=\"2b9cbbef\" data-element_type=\"widget\" data-widget_type=\"text-editor.default\">\n\t\t\t\t<div class=\"elementor-widget-container\">\n\t\t\t\t\t\t\t\t\t<p class=\"cvGsUA direction-ltr align-start para-style-body\"><span class=\"OYPEnA text-decoration-none text-strikethrough-none\">Valoramos tu confianza en elegirnos, por eso contamos con sistemas de vigilancia robustos que resguardan tu seguridad.<\/span><\/p><p class=\"cvGsUA direction-ltr align-start para-style-body\"><span class=\"OYPEnA text-decoration-none text-strikethrough-none\">Nuestro servicio de monitoreo te proporcionar\u00e1 la tranquilidad de un espacio seguro y vigilado.<\/span><\/p>\t\t\t\t\t\t\t\t<\/div>\n\t\t\t\t<\/div>\n\t\t\t\t<\/div>\n\t\t<div class=\"elementor-element elementor-element-3253f4b8 e-con-full e-flex e-con e-child\" data-id=\"3253f4b8\" data-element_type=\"container\" data-settings=\"{&quot;background_background&quot;:&quot;classic&quot;}\">\n\t\t\t\t<\/div>\n\t\t\t\t<\/div>\n\t\t<div class=\"elementor-element elementor-element-4c74d299 e-con-full e-flex e-con e-parent\" data-id=\"4c74d299\" data-element_type=\"container\">\n\t\t<div class=\"elementor-element elementor-element-1443f7e8 e-con-full e-flex e-con e-child\" data-id=\"1443f7e8\" data-element_type=\"container\" data-settings=\"{&quot;background_background&quot;:&quot;classic&quot;}\">\n\t\t\t\t<\/div>\n\t\t<div class=\"elementor-element elementor-element-5859bf85 e-con-full e-flex e-con e-child\" data-id=\"5859bf85\" data-element_type=\"container\">\n\t\t\t\t<div class=\"elementor-element elementor-element-43820224 elementor-widget elementor-widget-heading\" data-id=\"43820224\" data-element_type=\"widget\" data-widget_type=\"heading.default\">\n\t\t\t\t<div class=\"elementor-widget-container\">\n\t\t\t\t\t<h2 class=\"elementor-heading-title elementor-size-default\">Personalizaci\u00f3n<\/h2>\t\t\t\t<\/div>\n\t\t\t\t<\/div>\n\t\t\t\t<div class=\"elementor-element elementor-element-2cfe86e4 elementor-widget elementor-widget-text-editor\" data-id=\"2cfe86e4\" data-element_type=\"widget\" data-widget_type=\"text-editor.default\">\n\t\t\t\t<div class=\"elementor-widget-container\">\n\t\t\t\t\t\t\t\t\t<p class=\"cvGsUA direction-ltr align-start para-style-body\"><span class=\"OYPEnA text-decoration-none text-strikethrough-none\">Creemos que cada cliente es diferente y en la importacia de la personalizaci\u00f3n en cada servicio que ofrecemos.<\/span><\/p><p class=\"cvGsUA direction-ltr align-start para-style-body\"><span class=\"OYPEnA text-decoration-none text-strikethrough-none\">Te brindamos soluciones personalizadas, adaptamos a tus necesidades. Ya sea segurida f\u00edsica, virtual o monitoreo. Garantizamos un servicio \u00fanico a tus necesidades.<\/span><\/p><p class=\"cvGsUA direction-ltr align-start para-style-body\"><span class=\"OYPEnA text-decoration-none text-strikethrough-none\">Puedes confiar en nosotros para proporcionarte un servicio transparente y confiable.<\/span><\/p>\t\t\t\t\t\t\t\t<\/div>\n\t\t\t\t<\/div>\n\t\t\t\t<\/div>\n\t\t\t\t<\/div>\n\t\t<div class=\"elementor-element elementor-element-ce87a49 e-con-full e-flex e-con e-parent\" data-id=\"ce87a49\" data-element_type=\"container\">\n\t\t\t\t<div class=\"elementor-element elementor-element-700d610 elementor-widget elementor-widget-heading\" data-id=\"700d610\" data-element_type=\"widget\" data-widget_type=\"heading.default\">\n\t\t\t\t<div class=\"elementor-widget-container\">\n\t\t\t\t\t<h2 class=\"elementor-heading-title elementor-size-default\">Nuestros Colaboradores<\/h2>\t\t\t\t<\/div>\n\t\t\t\t<\/div>\n\t\t\t\t<div class=\"elementor-element elementor-element-142951fe elementor-widget elementor-widget-text-editor\" data-id=\"142951fe\" data-element_type=\"widget\" data-widget_type=\"text-editor.default\">\n\t\t\t\t<div class=\"elementor-widget-container\">\n\t\t\t\t\t\t\t\t\t<p style=\"text-align: center;\"><span class=\"OYPEnA text-decoration-none text-strikethrough-none\">Nuestro proceso de selecci\u00f3n es riguroso y profundo para calificar al personal m\u00e1s capaz y cumplir con las expectativas de nuestros clientes y del servicio que brindamos.<\/span><\/p>\t\t\t\t\t\t\t\t<\/div>\n\t\t\t\t<\/div>\n\t\t\t\t<\/div>\n\t\t\t\t<\/div>\n\t\t","protected":false},"excerpt":{"rendered":"<p>Prevenci\u00f3n Nuestra prioridad es garantizar un servicio preventivo para posibles situaciones de peligro y una respuesta r\u00e1pida ante cualquier situaci\u00f3n emergente Equipamiento Contamos con equipamiento de alta calidad para brindar a nuestros puestos de servicio una mayor protecci\u00f3n y prevenci\u00f3n de situaciones de emergencia . Adecuamos cada puesto de servicio a sus necesidades especificas para [&hellip;]<\/p>\n","protected":false},"author":1,"featured_media":0,"parent":0,"menu_order":0,"comment_status":"closed","ping_status":"closed","template":"","meta":{"footnotes":""},"class_list":["post-353","page","type-page","status-publish","hentry"],"_links":{"self":[{"href":"https:\/\/geodefensa.ec\/index.php\/wp-json\/wp\/v2\/pages\/353","targetHints":{"allow":["GET"]}}],"collection":[{"href":"https:\/\/geodefensa.ec\/index.php\/wp-json\/wp\/v2\/pages"}],"about":[{"href":"https:\/\/geodefensa.ec\/index.php\/wp-json\/wp\/v2\/types\/page"}],"author":[{"embeddable":true,"href":"https:\/\/geodefensa.ec\/index.php\/wp-json\/wp\/v2\/users\/1"}],"replies":[{"embeddable":true,"href":"https:\/\/geodefensa.ec\/index.php\/wp-json\/wp\/v2\/comments?post=353"}],"version-history":[{"count":46,"href":"https:\/\/geodefensa.ec\/index.php\/wp-json\/wp\/v2\/pages\/353\/revisions"}],"predecessor-version":[{"id":1118,"href":"https:\/\/geodefensa.ec\/index.php\/wp-json\/wp\/v2\/pages\/353\/revisions\/1118"}],"wp:attachment":[{"href":"https:\/\/geodefensa.ec\/index.php\/wp-json\/wp\/v2\/media?parent=353"}],"curies":[{"name":"wp","href":"https:\/\/api.w.org\/{rel}","templated":true}]}}